{"id":12,"date":"2024-12-05T21:09:18","date_gmt":"2024-12-05T21:09:18","guid":{"rendered":"https:\/\/promosyon.reklamcok.net\/index.php\/cart\/"},"modified":"2024-12-09T12:40:32","modified_gmt":"2024-12-09T12:40:32","slug":"sepet","status":"publish","type":"page","link":"https:\/\/promosyon.reklamcok.net\/index.php\/sepet\/","title":{"rendered":"Sepetiniz"},"content":{"rendered":"\n<div data-block-name=\"woocommerce\/cart\" class=\"wp-block-woocommerce-cart alignwide is-loading\">\n<div data-block-name=\"woocommerce\/filled-cart-block\" class=\"wp-block-woocommerce-filled-cart-block\">\n<div data-block-name=\"woocommerce\/cart-items-block\" class=\"wp-block-woocommerce-cart-items-block\">\n<div data-block-name=\"woocommerce\/cart-line-items-block\" class=\"wp-block-woocommerce-cart-line-items-block\"><\/div>\n\n\n\n<div data-block-name=\"woocommerce\/cart-cross-sells-block\" class=\"wp-block-woocommerce-cart-cross-sells-block\">\n<h2 class=\"wp-block-heading has-large-font-size\">You may be interested in\u2026<\/h2>\n\n\n\n<div data-block-name=\"woocommerce\/cart-cross-sells-products-block\" class=\"wp-block-woocommerce-cart-cross-sells-products-block\"><\/div>\n<\/div>\n<\/div>\n\n\n\n<div data-block-name=\"woocommerce\/cart-totals-block\" class=\"wp-block-woocommerce-cart-totals-block\">\n<div data-block-name=\"woocommerce\/cart-order-summary-block\" class=\"wp-block-woocommerce-cart-order-summary-block\">\n<div data-block-name=\"woocommerce\/cart-order-summary-heading-block\" class=\"wp-block-woocommerce-cart-order-summary-heading-block\"><\/div><div data-block-name=\"woocommerce\/cart-order-summary-coupon-form-block\" class=\"wp-block-woocommerce-cart-order-summary-coupon-form-block\"><\/div><div data-block-name=\"woocommerce\/cart-order-summary-totals-block\" class=\"wp-block-woocommerce-cart-order-summary-totals-block\">\n<div data-block-name=\"woocommerce\/cart-order-summary-subtotal-block\" class=\"wp-block-woocommerce-cart-order-summary-subtotal-block\"><\/div>\n<div data-block-name=\"woocommerce\/cart-order-summary-discount-block\" class=\"wp-block-woocommerce-cart-order-summary-discount-block\"><\/div>\n<div data-block-name=\"woocommerce\/cart-order-summary-fee-block\" class=\"wp-block-woocommerce-cart-order-summary-fee-block\"><\/div>\n<div data-block-name=\"woocommerce\/cart-order-summary-shipping-block\" class=\"wp-block-woocommerce-cart-order-summary-shipping-block\"><\/div>\n<div data-block-name=\"woocommerce\/cart-order-summary-taxes-block\" class=\"wp-block-woocommerce-cart-order-summary-taxes-block\"><\/div><\/div>\n<\/div>\n\n\n\n<div data-block-name=\"woocommerce\/cart-express-payment-block\" class=\"wp-block-woocommerce-cart-express-payment-block\"><\/div>\n\n\n\n<div data-block-name=\"woocommerce\/proceed-to-checkout-block\" class=\"wp-block-woocommerce-proceed-to-checkout-block\"><\/div>\n\n\n\n<div data-block-name=\"woocommerce\/cart-accepted-payment-methods-block\" class=\"wp-block-woocommerce-cart-accepted-payment-methods-block\"><\/div>\n<\/div>\n<\/div>\n\n\n\n<div data-block-name=\"woocommerce\/empty-cart-block\" class=\"wp-block-woocommerce-empty-cart-block\">\n<h2 class=\"wp-block-heading has-text-align-center with-empty-cart-icon wc-block-cart__empty-cart__title\">Your cart is currently empty!<\/h2>\n\n\n\n<hr class=\"wp-block-separator has-alpha-channel-opacity is-style-dots\"\/>\n\n\n\n<h2 class=\"wp-block-heading has-text-align-center\">New in store<\/h2>\n\n\n<div data-block-name=\"woocommerce\/product-new\" data-columns=\"4\" data-rows=\"1\" class=\"wc-block-grid wp-block-product-new wp-block-woocommerce-product-new wc-block-product-new has-4-columns\"><ul class=\"wc-block-grid__products\"><li class=\"wc-block-grid__product\">\n\t\t\t\t<a href=\"https:\/\/promosyon.reklamcok.net\/index.php\/product\/siyah-led-metal-tukenmez-kalem\/\" class=\"wc-block-grid__product-link\">\n\t\t\t\t\t\n\t\t\t\t\t<div class=\"wc-block-grid__product-image\"><img fetchpriority=\"high\" decoding=\"async\" width=\"300\" height=\"300\" src=\"https:\/\/promosyon.reklamcok.net\/wp-content\/uploads\/2025\/11\/reklam-cok-net-adana-promosyon-Led-Metal-Tukenmez-Kalem-4-300x300.jpg\" class=\"attachment-woocommerce_thumbnail size-woocommerce_thumbnail\" alt=\"Siyah Led Metal T\u00fckenmez Kalem\" srcset=\"https:\/\/promosyon.reklamcok.net\/wp-content\/uploads\/2025\/11\/reklam-cok-net-adana-promosyon-Led-Metal-Tukenmez-Kalem-4-300x300.jpg 300w, https:\/\/promosyon.reklamcok.net\/wp-content\/uploads\/2025\/11\/reklam-cok-net-adana-promosyon-Led-Metal-Tukenmez-Kalem-4-150x150.jpg 150w, https:\/\/promosyon.reklamcok.net\/wp-content\/uploads\/2025\/11\/reklam-cok-net-adana-promosyon-Led-Metal-Tukenmez-Kalem-4-768x768.jpg 768w, https:\/\/promosyon.reklamcok.net\/wp-content\/uploads\/2025\/11\/reklam-cok-net-adana-promosyon-Led-Metal-Tukenmez-Kalem-4-80x80.jpg 80w, https:\/\/promosyon.reklamcok.net\/wp-content\/uploads\/2025\/11\/reklam-cok-net-adana-promosyon-Led-Metal-Tukenmez-Kalem-4-88x88.jpg 88w, https:\/\/promosyon.reklamcok.net\/wp-content\/uploads\/2025\/11\/reklam-cok-net-adana-promosyon-Led-Metal-Tukenmez-Kalem-4-120x120.jpg 120w, https:\/\/promosyon.reklamcok.net\/wp-content\/uploads\/2025\/11\/reklam-cok-net-adana-promosyon-Led-Metal-Tukenmez-Kalem-4-600x600.jpg 600w, https:\/\/promosyon.reklamcok.net\/wp-content\/uploads\/2025\/11\/reklam-cok-net-adana-promosyon-Led-Metal-Tukenmez-Kalem-4-100x100.jpg 100w, https:\/\/promosyon.reklamcok.net\/wp-content\/uploads\/2025\/11\/reklam-cok-net-adana-promosyon-Led-Metal-Tukenmez-Kalem-4.jpg 1001w\" sizes=\"(max-width: 300px) 100vw, 300px\" \/><\/div>\n\t\t\t\t\t<div class=\"wc-block-grid__product-title\">Siyah Led Metal T\u00fckenmez Kalem<\/div>\n\t\t\t\t<\/a>\n\t\t\t\t<div class=\"wc-block-grid__product-price price\"><span class=\"woocommerce-Price-amount amount\">126,00<span class=\"woocommerce-Price-currencySymbol\">&#8378;<\/span><\/span><\/div>\n\t\t\t\t\n\t\t\t\t<div class=\"wp-block-button wc-block-grid__product-add-to-cart\"><a href=\"\/index.php\/wp-json\/wp\/v2\/pages\/12?add-to-cart=14726\" aria-label=\"Sepete ekle: \u201cSiyah Led Metal T\u00fckenmez Kalem\u201d\" data-quantity=\"1\" data-product_id=\"14726\" data-product_sku=\"08d5a3df58d8\" data-price=\"126\" rel=\"nofollow\" class=\"wp-block-button__link  add_to_cart_button ajax_add_to_cart\">Sepete Ekle<\/a><\/div>\n\t\t\t<\/li><li class=\"wc-block-grid__product\">\n\t\t\t\t<a href=\"https:\/\/promosyon.reklamcok.net\/index.php\/product\/lacivert-led-metal-tukenmez-kalem\/\" class=\"wc-block-grid__product-link\">\n\t\t\t\t\t\n\t\t\t\t\t<div class=\"wc-block-grid__product-image\"><img decoding=\"async\" width=\"300\" height=\"300\" src=\"https:\/\/promosyon.reklamcok.net\/wp-content\/uploads\/2025\/11\/reklam-cok-net-adana-promosyon-Led-Metal-Tukenmez-Kalem-2-300x300.jpg\" class=\"attachment-woocommerce_thumbnail size-woocommerce_thumbnail\" alt=\"Lacivert Led Metal T\u00fckenmez Kalem\" srcset=\"https:\/\/promosyon.reklamcok.net\/wp-content\/uploads\/2025\/11\/reklam-cok-net-adana-promosyon-Led-Metal-Tukenmez-Kalem-2-300x300.jpg 300w, https:\/\/promosyon.reklamcok.net\/wp-content\/uploads\/2025\/11\/reklam-cok-net-adana-promosyon-Led-Metal-Tukenmez-Kalem-2-150x150.jpg 150w, https:\/\/promosyon.reklamcok.net\/wp-content\/uploads\/2025\/11\/reklam-cok-net-adana-promosyon-Led-Metal-Tukenmez-Kalem-2-768x768.jpg 768w, https:\/\/promosyon.reklamcok.net\/wp-content\/uploads\/2025\/11\/reklam-cok-net-adana-promosyon-Led-Metal-Tukenmez-Kalem-2-80x80.jpg 80w, https:\/\/promosyon.reklamcok.net\/wp-content\/uploads\/2025\/11\/reklam-cok-net-adana-promosyon-Led-Metal-Tukenmez-Kalem-2-88x88.jpg 88w, https:\/\/promosyon.reklamcok.net\/wp-content\/uploads\/2025\/11\/reklam-cok-net-adana-promosyon-Led-Metal-Tukenmez-Kalem-2-120x120.jpg 120w, https:\/\/promosyon.reklamcok.net\/wp-content\/uploads\/2025\/11\/reklam-cok-net-adana-promosyon-Led-Metal-Tukenmez-Kalem-2-600x600.jpg 600w, https:\/\/promosyon.reklamcok.net\/wp-content\/uploads\/2025\/11\/reklam-cok-net-adana-promosyon-Led-Metal-Tukenmez-Kalem-2-100x100.jpg 100w, https:\/\/promosyon.reklamcok.net\/wp-content\/uploads\/2025\/11\/reklam-cok-net-adana-promosyon-Led-Metal-Tukenmez-Kalem-2.jpg 1001w\" sizes=\"(max-width: 300px) 100vw, 300px\" \/><\/div>\n\t\t\t\t\t<div class=\"wc-block-grid__product-title\">Lacivert Led Metal T\u00fckenmez Kalem<\/div>\n\t\t\t\t<\/a>\n\t\t\t\t<div class=\"wc-block-grid__product-price price\"><span class=\"woocommerce-Price-amount amount\">126,00<span class=\"woocommerce-Price-currencySymbol\">&#8378;<\/span><\/span><\/div>\n\t\t\t\t\n\t\t\t\t<div class=\"wp-block-button wc-block-grid__product-add-to-cart\"><a href=\"\/index.php\/wp-json\/wp\/v2\/pages\/12?add-to-cart=14723\" aria-label=\"Sepete ekle: \u201cLacivert Led Metal T\u00fckenmez Kalem\u201d\" data-quantity=\"1\" data-product_id=\"14723\" data-product_sku=\"a8e4e90dbb8d\" data-price=\"126\" rel=\"nofollow\" class=\"wp-block-button__link  add_to_cart_button ajax_add_to_cart\">Sepete Ekle<\/a><\/div>\n\t\t\t<\/li><li class=\"wc-block-grid__product\">\n\t\t\t\t<a href=\"https:\/\/promosyon.reklamcok.net\/index.php\/product\/gri-led-metal-tukenmez-kalem\/\" class=\"wc-block-grid__product-link\">\n\t\t\t\t\t\n\t\t\t\t\t<div class=\"wc-block-grid__product-image\"><img decoding=\"async\" width=\"300\" height=\"300\" src=\"https:\/\/promosyon.reklamcok.net\/wp-content\/uploads\/2025\/11\/reklam-cok-net-adana-promosyon-Led-Metal-Tukenmez-Kalem-1-300x300.jpg\" class=\"attachment-woocommerce_thumbnail size-woocommerce_thumbnail\" alt=\"Gri Led Metal T\u00fckenmez Kalem\" srcset=\"https:\/\/promosyon.reklamcok.net\/wp-content\/uploads\/2025\/11\/reklam-cok-net-adana-promosyon-Led-Metal-Tukenmez-Kalem-1-300x300.jpg 300w, https:\/\/promosyon.reklamcok.net\/wp-content\/uploads\/2025\/11\/reklam-cok-net-adana-promosyon-Led-Metal-Tukenmez-Kalem-1-150x150.jpg 150w, https:\/\/promosyon.reklamcok.net\/wp-content\/uploads\/2025\/11\/reklam-cok-net-adana-promosyon-Led-Metal-Tukenmez-Kalem-1-768x768.jpg 768w, https:\/\/promosyon.reklamcok.net\/wp-content\/uploads\/2025\/11\/reklam-cok-net-adana-promosyon-Led-Metal-Tukenmez-Kalem-1-80x80.jpg 80w, https:\/\/promosyon.reklamcok.net\/wp-content\/uploads\/2025\/11\/reklam-cok-net-adana-promosyon-Led-Metal-Tukenmez-Kalem-1-88x88.jpg 88w, https:\/\/promosyon.reklamcok.net\/wp-content\/uploads\/2025\/11\/reklam-cok-net-adana-promosyon-Led-Metal-Tukenmez-Kalem-1-120x120.jpg 120w, https:\/\/promosyon.reklamcok.net\/wp-content\/uploads\/2025\/11\/reklam-cok-net-adana-promosyon-Led-Metal-Tukenmez-Kalem-1-600x600.jpg 600w, https:\/\/promosyon.reklamcok.net\/wp-content\/uploads\/2025\/11\/reklam-cok-net-adana-promosyon-Led-Metal-Tukenmez-Kalem-1-100x100.jpg 100w, https:\/\/promosyon.reklamcok.net\/wp-content\/uploads\/2025\/11\/reklam-cok-net-adana-promosyon-Led-Metal-Tukenmez-Kalem-1.jpg 1001w\" sizes=\"(max-width: 300px) 100vw, 300px\" \/><\/div>\n\t\t\t\t\t<div class=\"wc-block-grid__product-title\">Gri Led Metal T\u00fckenmez Kalem<\/div>\n\t\t\t\t<\/a>\n\t\t\t\t<div class=\"wc-block-grid__product-price price\"><span class=\"woocommerce-Price-amount amount\">126,00<span class=\"woocommerce-Price-currencySymbol\">&#8378;<\/span><\/span><\/div>\n\t\t\t\t\n\t\t\t\t<div class=\"wp-block-button wc-block-grid__product-add-to-cart\"><a href=\"\/index.php\/wp-json\/wp\/v2\/pages\/12?add-to-cart=14720\" aria-label=\"Sepete ekle: \u201cGri Led Metal T\u00fckenmez Kalem\u201d\" data-quantity=\"1\" data-product_id=\"14720\" data-product_sku=\"3b9f3844dcea\" data-price=\"126\" rel=\"nofollow\" class=\"wp-block-button__link  add_to_cart_button ajax_add_to_cart\">Sepete Ekle<\/a><\/div>\n\t\t\t<\/li><li class=\"wc-block-grid__product\">\n\t\t\t\t<a href=\"https:\/\/promosyon.reklamcok.net\/index.php\/product\/kirmizi-led-metal-tukenmez-kalem\/\" class=\"wc-block-grid__product-link\">\n\t\t\t\t\t\n\t\t\t\t\t<div class=\"wc-block-grid__product-image\"><img loading=\"lazy\" decoding=\"async\" width=\"300\" height=\"300\" src=\"https:\/\/promosyon.reklamcok.net\/wp-content\/uploads\/2025\/11\/reklam-cok-net-adana-promosyon-Led-Metal-Tukenmez-Kalem-300x300.jpg\" class=\"attachment-woocommerce_thumbnail size-woocommerce_thumbnail\" alt=\"K\u0131rm\u0131z\u0131 Led Metal T\u00fckenmez Kalem\" srcset=\"https:\/\/promosyon.reklamcok.net\/wp-content\/uploads\/2025\/11\/reklam-cok-net-adana-promosyon-Led-Metal-Tukenmez-Kalem-300x300.jpg 300w, https:\/\/promosyon.reklamcok.net\/wp-content\/uploads\/2025\/11\/reklam-cok-net-adana-promosyon-Led-Metal-Tukenmez-Kalem-150x150.jpg 150w, https:\/\/promosyon.reklamcok.net\/wp-content\/uploads\/2025\/11\/reklam-cok-net-adana-promosyon-Led-Metal-Tukenmez-Kalem-768x768.jpg 768w, https:\/\/promosyon.reklamcok.net\/wp-content\/uploads\/2025\/11\/reklam-cok-net-adana-promosyon-Led-Metal-Tukenmez-Kalem-80x80.jpg 80w, https:\/\/promosyon.reklamcok.net\/wp-content\/uploads\/2025\/11\/reklam-cok-net-adana-promosyon-Led-Metal-Tukenmez-Kalem-88x88.jpg 88w, https:\/\/promosyon.reklamcok.net\/wp-content\/uploads\/2025\/11\/reklam-cok-net-adana-promosyon-Led-Metal-Tukenmez-Kalem-120x120.jpg 120w, https:\/\/promosyon.reklamcok.net\/wp-content\/uploads\/2025\/11\/reklam-cok-net-adana-promosyon-Led-Metal-Tukenmez-Kalem-600x600.jpg 600w, https:\/\/promosyon.reklamcok.net\/wp-content\/uploads\/2025\/11\/reklam-cok-net-adana-promosyon-Led-Metal-Tukenmez-Kalem-100x100.jpg 100w, https:\/\/promosyon.reklamcok.net\/wp-content\/uploads\/2025\/11\/reklam-cok-net-adana-promosyon-Led-Metal-Tukenmez-Kalem.jpg 1001w\" sizes=\"(max-width: 300px) 100vw, 300px\" \/><\/div>\n\t\t\t\t\t<div class=\"wc-block-grid__product-title\">K\u0131rm\u0131z\u0131 Led Metal T\u00fckenmez Kalem<\/div>\n\t\t\t\t<\/a>\n\t\t\t\t<div class=\"wc-block-grid__product-price price\"><span class=\"woocommerce-Price-amount amount\">126,00<span class=\"woocommerce-Price-currencySymbol\">&#8378;<\/span><\/span><\/div>\n\t\t\t\t\n\t\t\t\t<div class=\"wp-block-button wc-block-grid__product-add-to-cart\"><a href=\"\/index.php\/wp-json\/wp\/v2\/pages\/12?add-to-cart=14716\" aria-label=\"Sepete ekle: \u201cK\u0131rm\u0131z\u0131 Led Metal T\u00fckenmez Kalem\u201d\" data-quantity=\"1\" data-product_id=\"14716\" data-product_sku=\"ddbc37a37f6a\" data-price=\"126\" rel=\"nofollow\" class=\"wp-block-button__link  add_to_cart_button ajax_add_to_cart\">Sepete Ekle<\/a><\/div>\n\t\t\t<\/li><\/ul><\/div><\/div>\n<\/div>\n","protected":false},"excerpt":{"rendered":"","protected":false},"author":1,"featured_media":0,"parent":0,"menu_order":0,"comment_status":"closed","ping_status":"closed","template":"","meta":{"_acf_changed":false,"footnotes":""},"class_list":["post-12","page","type-page","status-publish","hentry"],"acf":[],"_links":{"self":[{"href":"https:\/\/promosyon.reklamcok.net\/index.php\/wp-json\/wp\/v2\/pages\/12","targetHints":{"allow":["GET"]}}],"collection":[{"href":"https:\/\/promosyon.reklamcok.net\/index.php\/wp-json\/wp\/v2\/pages"}],"about":[{"href":"https:\/\/promosyon.reklamcok.net\/index.php\/wp-json\/wp\/v2\/types\/page"}],"author":[{"embeddable":true,"href":"https:\/\/promosyon.reklamcok.net\/index.php\/wp-json\/wp\/v2\/users\/1"}],"replies":[{"embeddable":true,"href":"https:\/\/promosyon.reklamcok.net\/index.php\/wp-json\/wp\/v2\/comments?post=12"}],"version-history":[{"count":2,"href":"https:\/\/promosyon.reklamcok.net\/index.php\/wp-json\/wp\/v2\/pages\/12\/revisions"}],"predecessor-version":[{"id":10946,"href":"https:\/\/promosyon.reklamcok.net\/index.php\/wp-json\/wp\/v2\/pages\/12\/revisions\/10946"}],"wp:attachment":[{"href":"https:\/\/promosyon.reklamcok.net\/index.php\/wp-json\/wp\/v2\/media?parent=12"}],"curies":[{"name":"wp","href":"https:\/\/api.w.org\/{rel}","templated":true}]}}