{"id":14435,"date":"2025-11-29T16:01:38","date_gmt":"2025-11-29T13:01:38","guid":{"rendered":"https:\/\/promosyon.reklamcok.net\/index.php\/product\/siyah-bluetooth-hoparlor\/"},"modified":"2025-11-29T16:01:38","modified_gmt":"2025-11-29T13:01:38","slug":"siyah-bluetooth-hoparlor","status":"publish","type":"product","link":"https:\/\/promosyon.reklamcok.net\/index.php\/product\/siyah-bluetooth-hoparlor\/","title":{"rendered":"Siyah Bluetooth Hoparl\u00f6r"},"content":{"rendered":"<p><span style=\"vertical-align: inherit;\"><span style=\"vertical-align: inherit;\">*Bask\u0131: UV &#8211; Lazer<br \/>\n*Kuma\u015f  ve  Rubber Malzeme Bluetooth Speaker<br \/>\n* Usb giri\u015f ve TF Kart Giri\u015fli<br \/>\n* 400 mAh Kapasiteli Lion pil<br \/>\n* Ses \u00c7\u0131k\u0131\u015f\u0131 3W<br \/>\n* 4-5 saat M\u00fczik Dinleme<br \/>\n* Bluetooth 5.3 Teknolojisi<br \/>\n* 10 metre ba\u011flant\u0131 uzakl\u0131\u011f\u0131<br \/>\n* Frekans yan\u0131t\u0131: 100Hz-18KHz<br \/>\n* Type-C \u015earj kablosu<br \/>\n* \u00d6zel L\u00fcks Beyaz Kutulu<br \/>\n* 112 \u00d7 83 \u00d7 40 mm \/ 203 gr<\/span><\/span><\/p>\n","protected":false},"excerpt":{"rendered":"<p>Logo bask\u0131 se\u00e7enekleri i\u00e7in l\u00fctfen &#8220;<a href=\"https:\/\/promosyon.reklamcok.net\/index.php\/product-category\/baski-secenekleri\/\">Bask\u0131 Se\u00e7enekleri<\/a>&#8221; kategorisini ziyaret ediniz.<\/p>\n","protected":false},"featured_media":14437,"comment_status":"closed","ping_status":"open","template":"","meta":{"_acf_changed":false},"product_brand":[],"product_cat":[231],"product_tag":[90],"class_list":{"0":"post-14435","1":"product","2":"type-product","3":"status-publish","4":"has-post-thumbnail","6":"product_cat-teknoloji-urunleri","7":"product_tag-teknoloji-urunleri","9":"first","10":"instock","11":"purchasable","12":"product-type-simple"},"acf":[],"_links":{"self":[{"href":"https:\/\/promosyon.reklamcok.net\/index.php\/wp-json\/wp\/v2\/product\/14435","targetHints":{"allow":["GET"]}}],"collection":[{"href":"https:\/\/promosyon.reklamcok.net\/index.php\/wp-json\/wp\/v2\/product"}],"about":[{"href":"https:\/\/promosyon.reklamcok.net\/index.php\/wp-json\/wp\/v2\/types\/product"}],"replies":[{"embeddable":true,"href":"https:\/\/promosyon.reklamcok.net\/index.php\/wp-json\/wp\/v2\/comments?post=14435"}],"version-history":[{"count":1,"href":"https:\/\/promosyon.reklamcok.net\/index.php\/wp-json\/wp\/v2\/product\/14435\/revisions"}],"predecessor-version":[{"id":14436,"href":"https:\/\/promosyon.reklamcok.net\/index.php\/wp-json\/wp\/v2\/product\/14435\/revisions\/14436"}],"wp:featuredmedia":[{"embeddable":true,"href":"https:\/\/promosyon.reklamcok.net\/index.php\/wp-json\/wp\/v2\/media\/14437"}],"wp:attachment":[{"href":"https:\/\/promosyon.reklamcok.net\/index.php\/wp-json\/wp\/v2\/media?parent=14435"}],"wp:term":[{"taxonomy":"product_brand","embeddable":true,"href":"https:\/\/promosyon.reklamcok.net\/index.php\/wp-json\/wp\/v2\/product_brand?post=14435"},{"taxonomy":"product_cat","embeddable":true,"href":"https:\/\/promosyon.reklamcok.net\/index.php\/wp-json\/wp\/v2\/product_cat?post=14435"},{"taxonomy":"product_tag","embeddable":true,"href":"https:\/\/promosyon.reklamcok.net\/index.php\/wp-json\/wp\/v2\/product_tag?post=14435"}],"curies":[{"name":"wp","href":"https:\/\/api.w.org\/{rel}","templated":true}]}}