{"id":5563,"date":"2025-01-24T11:38:41","date_gmt":"2025-01-24T08:38:41","guid":{"rendered":"https:\/\/promosyon.reklamcok.net\/index.php\/product\/hoparlor-3\/"},"modified":"2025-01-24T11:38:42","modified_gmt":"2025-01-24T08:38:42","slug":"gri-hoparlor","status":"publish","type":"product","link":"https:\/\/promosyon.reklamcok.net\/index.php\/product\/gri-hoparlor\/","title":{"rendered":"Gri Hoparl\u00f6r"},"content":{"rendered":"<p><span style=\"vertical-align: inherit;\"><span style=\"vertical-align: inherit;\">*Bask\u0131 :  UV<br \/>\n*Bluetooth: 5 G\u00fc\u00e7l\u00fc Ba\u011flant\u0131<br \/>\n*Renk: Metalik Gri, Siyah, Beyaz<br \/>\n*Batarya: 400 mAh<br \/>\n*\u015earj S\u00fcresi: 3 Saat<br \/>\n*Giri\u015f: Micro USB<br \/>\n*Destekleyiciler: BT 5.0, Handsfree<br \/>\n*Materyal: ABS<br \/>\n*Kutu: \u00d6zel Kutu<\/span><\/span><\/p>\n","protected":false},"excerpt":{"rendered":"<p>Logo bask\u0131 se\u00e7enekleri i\u00e7in l\u00fctfen &#8220;<a href=\"https:\/\/promosyon.reklamcok.net\/index.php\/product-category\/baski-secenekleri\/\">Bask\u0131 Se\u00e7enekleri<\/a>&#8221; kategorisini ziyaret ediniz.<\/p>\n","protected":false},"featured_media":5564,"comment_status":"closed","ping_status":"open","template":"","meta":{"_acf_changed":false},"product_brand":[],"product_cat":[231],"product_tag":[90],"class_list":{"0":"post-5563","1":"product","2":"type-product","3":"status-publish","4":"has-post-thumbnail","6":"product_cat-teknoloji-urunleri","7":"product_tag-teknoloji-urunleri","9":"first","10":"instock","11":"purchasable","12":"product-type-simple"},"acf":[],"_links":{"self":[{"href":"https:\/\/promosyon.reklamcok.net\/index.php\/wp-json\/wp\/v2\/product\/5563","targetHints":{"allow":["GET"]}}],"collection":[{"href":"https:\/\/promosyon.reklamcok.net\/index.php\/wp-json\/wp\/v2\/product"}],"about":[{"href":"https:\/\/promosyon.reklamcok.net\/index.php\/wp-json\/wp\/v2\/types\/product"}],"replies":[{"embeddable":true,"href":"https:\/\/promosyon.reklamcok.net\/index.php\/wp-json\/wp\/v2\/comments?post=5563"}],"version-history":[{"count":2,"href":"https:\/\/promosyon.reklamcok.net\/index.php\/wp-json\/wp\/v2\/product\/5563\/revisions"}],"predecessor-version":[{"id":14106,"href":"https:\/\/promosyon.reklamcok.net\/index.php\/wp-json\/wp\/v2\/product\/5563\/revisions\/14106"}],"wp:featuredmedia":[{"embeddable":true,"href":"https:\/\/promosyon.reklamcok.net\/index.php\/wp-json\/wp\/v2\/media\/5564"}],"wp:attachment":[{"href":"https:\/\/promosyon.reklamcok.net\/index.php\/wp-json\/wp\/v2\/media?parent=5563"}],"wp:term":[{"taxonomy":"product_brand","embeddable":true,"href":"https:\/\/promosyon.reklamcok.net\/index.php\/wp-json\/wp\/v2\/product_brand?post=5563"},{"taxonomy":"product_cat","embeddable":true,"href":"https:\/\/promosyon.reklamcok.net\/index.php\/wp-json\/wp\/v2\/product_cat?post=5563"},{"taxonomy":"product_tag","embeddable":true,"href":"https:\/\/promosyon.reklamcok.net\/index.php\/wp-json\/wp\/v2\/product_tag?post=5563"}],"curies":[{"name":"wp","href":"https:\/\/api.w.org\/{rel}","templated":true}]}}