{"id":5571,"date":"2025-01-24T11:38:43","date_gmt":"2025-01-24T08:38:43","guid":{"rendered":"https:\/\/promosyon.reklamcok.net\/index.php\/product\/powerbank-19\/"},"modified":"2025-01-24T11:38:43","modified_gmt":"2025-01-24T08:38:43","slug":"lacivert-powerbank","status":"publish","type":"product","link":"https:\/\/promosyon.reklamcok.net\/index.php\/product\/lacivert-powerbank\/","title":{"rendered":"Lacivert Powerbank"},"content":{"rendered":"<p><span style=\"vertical-align: inherit;\"><span style=\"vertical-align: inherit;\">*Bask\u0131: UV<br \/>\n*G\u00f6sterge: 3.Nesil LCD Ekran<br \/>\n*Ekstra: Dahili El Feneri<br \/>\n*Giri\u015f:  USB-C ve Micro USB<br \/>\n*\u00c7\u0131k\u0131\u015f 1: 3A USB-A<br \/>\n*\u00c7\u0131k\u0131\u015f 2: 3A USB-A<br \/>\n*\u00c7\u0131k\u0131\u015f 3: 22.W PD USB-C<br \/>\n*Materyal: ABS<br \/>\n*Kutu: Siyah Hediye Kutusu<\/span><\/span><\/p>\n","protected":false},"excerpt":{"rendered":"<p>Logo bask\u0131 se\u00e7enekleri i\u00e7in l\u00fctfen &#8220;<a href=\"https:\/\/promosyon.reklamcok.net\/index.php\/product-category\/baski-secenekleri\/\">Bask\u0131 Se\u00e7enekleri<\/a>&#8221; kategorisini ziyaret ediniz.<\/p>\n","protected":false},"featured_media":5572,"comment_status":"closed","ping_status":"open","template":"","meta":{"_acf_changed":false},"product_brand":[],"product_cat":[232],"product_tag":[92],"class_list":{"0":"post-5571","1":"product","2":"type-product","3":"status-publish","4":"has-post-thumbnail","6":"product_cat-powerbank","7":"product_tag-powerbank","9":"first","10":"instock","11":"purchasable","12":"product-type-simple"},"acf":[],"_links":{"self":[{"href":"https:\/\/promosyon.reklamcok.net\/index.php\/wp-json\/wp\/v2\/product\/5571","targetHints":{"allow":["GET"]}}],"collection":[{"href":"https:\/\/promosyon.reklamcok.net\/index.php\/wp-json\/wp\/v2\/product"}],"about":[{"href":"https:\/\/promosyon.reklamcok.net\/index.php\/wp-json\/wp\/v2\/types\/product"}],"replies":[{"embeddable":true,"href":"https:\/\/promosyon.reklamcok.net\/index.php\/wp-json\/wp\/v2\/comments?post=5571"}],"version-history":[{"count":1,"href":"https:\/\/promosyon.reklamcok.net\/index.php\/wp-json\/wp\/v2\/product\/5571\/revisions"}],"predecessor-version":[{"id":11437,"href":"https:\/\/promosyon.reklamcok.net\/index.php\/wp-json\/wp\/v2\/product\/5571\/revisions\/11437"}],"wp:featuredmedia":[{"embeddable":true,"href":"https:\/\/promosyon.reklamcok.net\/index.php\/wp-json\/wp\/v2\/media\/5572"}],"wp:attachment":[{"href":"https:\/\/promosyon.reklamcok.net\/index.php\/wp-json\/wp\/v2\/media?parent=5571"}],"wp:term":[{"taxonomy":"product_brand","embeddable":true,"href":"https:\/\/promosyon.reklamcok.net\/index.php\/wp-json\/wp\/v2\/product_brand?post=5571"},{"taxonomy":"product_cat","embeddable":true,"href":"https:\/\/promosyon.reklamcok.net\/index.php\/wp-json\/wp\/v2\/product_cat?post=5571"},{"taxonomy":"product_tag","embeddable":true,"href":"https:\/\/promosyon.reklamcok.net\/index.php\/wp-json\/wp\/v2\/product_tag?post=5571"}],"curies":[{"name":"wp","href":"https:\/\/api.w.org\/{rel}","templated":true}]}}