{"id":5596,"date":"2025-01-24T11:38:49","date_gmt":"2025-01-24T08:38:49","guid":{"rendered":"https:\/\/promosyon.reklamcok.net\/index.php\/product\/powerbank-29\/"},"modified":"2025-01-24T11:38:49","modified_gmt":"2025-01-24T08:38:49","slug":"siyah-powerbank-12","status":"publish","type":"product","link":"https:\/\/promosyon.reklamcok.net\/index.php\/product\/siyah-powerbank-12\/","title":{"rendered":"Siyah Powerbank"},"content":{"rendered":"<p><span style=\"vertical-align: inherit;\"><span style=\"vertical-align: inherit;\">*G\u00f6sterge: Kademeli LED I\u015f\u0131k<br \/>\n*Renk: Siyah<br \/>\n*Giri\u015f:  Micro USB \/ Dahili USB-A<br \/>\n*\u00c7\u0131k\u0131\u015f 1: 2A USB-A<br \/>\n*\u00c7\u0131k\u0131\u015f 2: Dahili IOS Kablo<br \/>\n*\u00c7\u0131k\u0131\u015f 3: Dahili USB-C Kablo<br \/>\n*\u00c7\u0131k\u0131\u015f 4: Dahili Micro USB Kablo<br \/>\n*Materyal: ABS ve Cam G\u00f6r\u00fcn\u00fcm<br \/>\n*Bask\u0131: UV<br \/>\n*Kutu: Siyah Hediye Kutusu<br \/>\n*LED FENERL\u0130<\/span><\/span><\/p>\n","protected":false},"excerpt":{"rendered":"<p>Logo bask\u0131 se\u00e7enekleri i\u00e7in l\u00fctfen &#8220;<a href=\"https:\/\/promosyon.reklamcok.net\/index.php\/product-category\/baski-secenekleri\/\">Bask\u0131 Se\u00e7enekleri<\/a>&#8221; kategorisini ziyaret ediniz.<\/p>\n","protected":false},"featured_media":5597,"comment_status":"closed","ping_status":"open","template":"","meta":{"_acf_changed":false},"product_brand":[],"product_cat":[232],"product_tag":[92],"class_list":{"0":"post-5596","1":"product","2":"type-product","3":"status-publish","4":"has-post-thumbnail","6":"product_cat-powerbank","7":"product_tag-powerbank","9":"first","10":"instock","11":"purchasable","12":"product-type-simple"},"acf":[],"_links":{"self":[{"href":"https:\/\/promosyon.reklamcok.net\/index.php\/wp-json\/wp\/v2\/product\/5596","targetHints":{"allow":["GET"]}}],"collection":[{"href":"https:\/\/promosyon.reklamcok.net\/index.php\/wp-json\/wp\/v2\/product"}],"about":[{"href":"https:\/\/promosyon.reklamcok.net\/index.php\/wp-json\/wp\/v2\/types\/product"}],"replies":[{"embeddable":true,"href":"https:\/\/promosyon.reklamcok.net\/index.php\/wp-json\/wp\/v2\/comments?post=5596"}],"version-history":[{"count":1,"href":"https:\/\/promosyon.reklamcok.net\/index.php\/wp-json\/wp\/v2\/product\/5596\/revisions"}],"predecessor-version":[{"id":11447,"href":"https:\/\/promosyon.reklamcok.net\/index.php\/wp-json\/wp\/v2\/product\/5596\/revisions\/11447"}],"wp:featuredmedia":[{"embeddable":true,"href":"https:\/\/promosyon.reklamcok.net\/index.php\/wp-json\/wp\/v2\/media\/5597"}],"wp:attachment":[{"href":"https:\/\/promosyon.reklamcok.net\/index.php\/wp-json\/wp\/v2\/media?parent=5596"}],"wp:term":[{"taxonomy":"product_brand","embeddable":true,"href":"https:\/\/promosyon.reklamcok.net\/index.php\/wp-json\/wp\/v2\/product_brand?post=5596"},{"taxonomy":"product_cat","embeddable":true,"href":"https:\/\/promosyon.reklamcok.net\/index.php\/wp-json\/wp\/v2\/product_cat?post=5596"},{"taxonomy":"product_tag","embeddable":true,"href":"https:\/\/promosyon.reklamcok.net\/index.php\/wp-json\/wp\/v2\/product_tag?post=5596"}],"curies":[{"name":"wp","href":"https:\/\/api.w.org\/{rel}","templated":true}]}}