{"id":5664,"date":"2025-01-24T11:39:06","date_gmt":"2025-01-24T08:39:06","guid":{"rendered":"https:\/\/promosyon.reklamcok.net\/index.php\/product\/anahtarlik-56\/"},"modified":"2025-01-24T11:39:07","modified_gmt":"2025-01-24T08:39:07","slug":"kirmizi-anahtarlik-12","status":"publish","type":"product","link":"https:\/\/promosyon.reklamcok.net\/index.php\/product\/kirmizi-anahtarlik-12\/","title":{"rendered":"K\u0131rm\u0131z\u0131 Anahtarl\u0131k"},"content":{"rendered":"<p><span style=\"vertical-align: inherit;\"><span style=\"vertical-align: inherit;\">*Bask\u0131: Lazer<br \/>\n*\u00c7ift Y\u00f6n<br \/>\n*\u015eeffaf Po\u015fet<\/span><\/span><\/p>\n","protected":false},"excerpt":{"rendered":"<p>Logo bask\u0131 se\u00e7enekleri i\u00e7in l\u00fctfen &#8220;<a href=\"https:\/\/promosyon.reklamcok.net\/index.php\/product-category\/baski-secenekleri\/\">Bask\u0131 Se\u00e7enekleri<\/a>&#8221; kategorisini ziyaret ediniz.<\/p>\n","protected":false},"featured_media":5665,"comment_status":"closed","ping_status":"open","template":"","meta":{"_acf_changed":false},"product_brand":[],"product_cat":[93],"product_tag":[94],"class_list":{"0":"post-5664","1":"product","2":"type-product","3":"status-publish","4":"has-post-thumbnail","6":"product_cat-anahtarliklar","7":"product_tag-anahtarliklar","9":"first","10":"instock","11":"purchasable","12":"product-type-simple"},"acf":[],"_links":{"self":[{"href":"https:\/\/promosyon.reklamcok.net\/index.php\/wp-json\/wp\/v2\/product\/5664","targetHints":{"allow":["GET"]}}],"collection":[{"href":"https:\/\/promosyon.reklamcok.net\/index.php\/wp-json\/wp\/v2\/product"}],"about":[{"href":"https:\/\/promosyon.reklamcok.net\/index.php\/wp-json\/wp\/v2\/types\/product"}],"replies":[{"embeddable":true,"href":"https:\/\/promosyon.reklamcok.net\/index.php\/wp-json\/wp\/v2\/comments?post=5664"}],"version-history":[{"count":1,"href":"https:\/\/promosyon.reklamcok.net\/index.php\/wp-json\/wp\/v2\/product\/5664\/revisions"}],"predecessor-version":[{"id":11474,"href":"https:\/\/promosyon.reklamcok.net\/index.php\/wp-json\/wp\/v2\/product\/5664\/revisions\/11474"}],"wp:featuredmedia":[{"embeddable":true,"href":"https:\/\/promosyon.reklamcok.net\/index.php\/wp-json\/wp\/v2\/media\/5665"}],"wp:attachment":[{"href":"https:\/\/promosyon.reklamcok.net\/index.php\/wp-json\/wp\/v2\/media?parent=5664"}],"wp:term":[{"taxonomy":"product_brand","embeddable":true,"href":"https:\/\/promosyon.reklamcok.net\/index.php\/wp-json\/wp\/v2\/product_brand?post=5664"},{"taxonomy":"product_cat","embeddable":true,"href":"https:\/\/promosyon.reklamcok.net\/index.php\/wp-json\/wp\/v2\/product_cat?post=5664"},{"taxonomy":"product_tag","embeddable":true,"href":"https:\/\/promosyon.reklamcok.net\/index.php\/wp-json\/wp\/v2\/product_tag?post=5664"}],"curies":[{"name":"wp","href":"https:\/\/api.w.org\/{rel}","templated":true}]}}