{"id":7546,"date":"2025-01-24T11:46:55","date_gmt":"2025-01-24T08:46:55","guid":{"rendered":"https:\/\/promosyon.reklamcok.net\/index.php\/product\/wireless-sarj-cihazi\/"},"modified":"2025-01-24T11:46:55","modified_gmt":"2025-01-24T08:46:55","slug":"siyah-wireless-sarj-cihazi","status":"publish","type":"product","link":"https:\/\/promosyon.reklamcok.net\/index.php\/product\/siyah-wireless-sarj-cihazi\/","title":{"rendered":"Siyah Wireless \u015earj Cihaz\u0131"},"content":{"rendered":"<p><span style=\"vertical-align: inherit;\"><span style=\"vertical-align: inherit;\">*Kablosuz: H\u0131zl\u0131 \u015earj<br \/>\n*Materyal: Soft Rubber<br \/>\n*Giri\u015f :  Micro USB<br \/>\n*Uyumlu Cihazlar: T\u00fcm Wireless<br \/>\n*Bask\u0131: Lazer<br \/>\n*Kutu:  Siyah Hediye Kutulu<\/span><\/span><\/p>\n","protected":false},"excerpt":{"rendered":"<p>Logo bask\u0131 se\u00e7enekleri i\u00e7in l\u00fctfen &#8220;<a href=\"https:\/\/promosyon.reklamcok.net\/index.php\/product-category\/baski-secenekleri\/\">Bask\u0131 Se\u00e7enekleri<\/a>&#8221; kategorisini ziyaret ediniz.<\/p>\n","protected":false},"featured_media":7547,"comment_status":"closed","ping_status":"open","template":"","meta":{"_acf_changed":false},"product_brand":[],"product_cat":[231],"product_tag":[90],"class_list":{"0":"post-7546","1":"product","2":"type-product","3":"status-publish","4":"has-post-thumbnail","6":"product_cat-teknoloji-urunleri","7":"product_tag-teknoloji-urunleri","9":"first","10":"instock","11":"purchasable","12":"product-type-simple"},"acf":[],"_links":{"self":[{"href":"https:\/\/promosyon.reklamcok.net\/index.php\/wp-json\/wp\/v2\/product\/7546","targetHints":{"allow":["GET"]}}],"collection":[{"href":"https:\/\/promosyon.reklamcok.net\/index.php\/wp-json\/wp\/v2\/product"}],"about":[{"href":"https:\/\/promosyon.reklamcok.net\/index.php\/wp-json\/wp\/v2\/types\/product"}],"replies":[{"embeddable":true,"href":"https:\/\/promosyon.reklamcok.net\/index.php\/wp-json\/wp\/v2\/comments?post=7546"}],"version-history":[{"count":1,"href":"https:\/\/promosyon.reklamcok.net\/index.php\/wp-json\/wp\/v2\/product\/7546\/revisions"}],"predecessor-version":[{"id":12308,"href":"https:\/\/promosyon.reklamcok.net\/index.php\/wp-json\/wp\/v2\/product\/7546\/revisions\/12308"}],"wp:featuredmedia":[{"embeddable":true,"href":"https:\/\/promosyon.reklamcok.net\/index.php\/wp-json\/wp\/v2\/media\/7547"}],"wp:attachment":[{"href":"https:\/\/promosyon.reklamcok.net\/index.php\/wp-json\/wp\/v2\/media?parent=7546"}],"wp:term":[{"taxonomy":"product_brand","embeddable":true,"href":"https:\/\/promosyon.reklamcok.net\/index.php\/wp-json\/wp\/v2\/product_brand?post=7546"},{"taxonomy":"product_cat","embeddable":true,"href":"https:\/\/promosyon.reklamcok.net\/index.php\/wp-json\/wp\/v2\/product_cat?post=7546"},{"taxonomy":"product_tag","embeddable":true,"href":"https:\/\/promosyon.reklamcok.net\/index.php\/wp-json\/wp\/v2\/product_tag?post=7546"}],"curies":[{"name":"wp","href":"https:\/\/api.w.org\/{rel}","templated":true}]}}