{"id":7864,"date":"2024-12-16T02:40:21","date_gmt":"2024-12-15T23:40:21","guid":{"rendered":"https:\/\/promosyon.reklamcok.net\/index.php\/product\/powerbank-41\/"},"modified":"2024-12-16T02:40:21","modified_gmt":"2024-12-15T23:40:21","slug":"siyah-powerbank-19","status":"publish","type":"product","link":"https:\/\/promosyon.reklamcok.net\/index.php\/product\/siyah-powerbank-19\/","title":{"rendered":"Siyah Powerbank"},"content":{"rendered":"<p><span style=\"vertical-align: inherit;\"><span style=\"vertical-align: inherit;\">*Bask\u0131: UV<br \/>\n*G\u00f6sterge: LED G\u00f6sterge<br \/>\n*Renk: Beyaz, Siyah<br \/>\n*Giri\u015f 1:  U5V \/ 2A<br \/>\n*Giri\u015f 2: Type-C 5V \/ 2A<br \/>\n*\u00c7\u0131k\u0131\u015f 1: 5V \/ 2A<br \/>\n*\u00c7\u0131k\u0131\u015f 2: 5V \/ 2A<br \/>\n*\u00c7\u0131k\u0131\u015f 3: 2 Adet USB \u00c7\u0131k\u0131\u015f<br \/>\n*Materyal: Plastik<br \/>\n*Kutu:  Beyaz Karton Kutulu<\/span><\/span><\/p>\n","protected":false},"excerpt":{"rendered":"<p>Logo bask\u0131 se\u00e7enekleri i\u00e7in l\u00fctfen &#8220;<a href=\"https:\/\/promosyon.reklamcok.net\/index.php\/product-category\/baski-secenekleri\/\">Bask\u0131 Se\u00e7enekleri<\/a>&#8221; kategorisini ziyaret ediniz.<\/p>\n","protected":false},"featured_media":7865,"comment_status":"closed","ping_status":"open","template":"","meta":{"_acf_changed":false},"product_brand":[],"product_cat":[232],"product_tag":[92],"class_list":{"0":"post-7864","1":"product","2":"type-product","3":"status-publish","4":"has-post-thumbnail","6":"product_cat-powerbank","7":"product_tag-powerbank","9":"first","10":"instock","11":"purchasable","12":"product-type-simple"},"acf":[],"_links":{"self":[{"href":"https:\/\/promosyon.reklamcok.net\/index.php\/wp-json\/wp\/v2\/product\/7864","targetHints":{"allow":["GET"]}}],"collection":[{"href":"https:\/\/promosyon.reklamcok.net\/index.php\/wp-json\/wp\/v2\/product"}],"about":[{"href":"https:\/\/promosyon.reklamcok.net\/index.php\/wp-json\/wp\/v2\/types\/product"}],"replies":[{"embeddable":true,"href":"https:\/\/promosyon.reklamcok.net\/index.php\/wp-json\/wp\/v2\/comments?post=7864"}],"version-history":[{"count":1,"href":"https:\/\/promosyon.reklamcok.net\/index.php\/wp-json\/wp\/v2\/product\/7864\/revisions"}],"predecessor-version":[{"id":12431,"href":"https:\/\/promosyon.reklamcok.net\/index.php\/wp-json\/wp\/v2\/product\/7864\/revisions\/12431"}],"wp:featuredmedia":[{"embeddable":true,"href":"https:\/\/promosyon.reklamcok.net\/index.php\/wp-json\/wp\/v2\/media\/7865"}],"wp:attachment":[{"href":"https:\/\/promosyon.reklamcok.net\/index.php\/wp-json\/wp\/v2\/media?parent=7864"}],"wp:term":[{"taxonomy":"product_brand","embeddable":true,"href":"https:\/\/promosyon.reklamcok.net\/index.php\/wp-json\/wp\/v2\/product_brand?post=7864"},{"taxonomy":"product_cat","embeddable":true,"href":"https:\/\/promosyon.reklamcok.net\/index.php\/wp-json\/wp\/v2\/product_cat?post=7864"},{"taxonomy":"product_tag","embeddable":true,"href":"https:\/\/promosyon.reklamcok.net\/index.php\/wp-json\/wp\/v2\/product_tag?post=7864"}],"curies":[{"name":"wp","href":"https:\/\/api.w.org\/{rel}","templated":true}]}}