{"id":8089,"date":"2024-12-16T02:44:25","date_gmt":"2024-12-15T23:44:25","guid":{"rendered":"https:\/\/promosyon.reklamcok.net\/index.php\/product\/kart-usb-bellek-7\/"},"modified":"2024-12-16T02:44:25","modified_gmt":"2024-12-15T23:44:25","slug":"beyaz-kart-usb-bellek-7","status":"publish","type":"product","link":"https:\/\/promosyon.reklamcok.net\/index.php\/product\/beyaz-kart-usb-bellek-7\/","title":{"rendered":"Beyaz Kart Usb Bellek"},"content":{"rendered":"<p><span style=\"vertical-align: inherit;\"><span style=\"vertical-align: inherit;\">* Bask\u0131: UV*Kapasite: 8-16-32-64-128 GB *H\u0131z: 2.0<\/span><\/span><\/p>\n","protected":false},"excerpt":{"rendered":"<p>Logo bask\u0131 se\u00e7enekleri i\u00e7in l\u00fctfen &#8220;<a href=\"https:\/\/promosyon.reklamcok.net\/index.php\/product-category\/baski-secenekleri\/\">Bask\u0131 Se\u00e7enekleri<\/a>&#8221; kategorisini ziyaret ediniz.<\/p>\n","protected":false},"featured_media":6097,"comment_status":"closed","ping_status":"open","template":"","meta":{"_acf_changed":false},"product_brand":[],"product_cat":[228],"product_tag":[84],"class_list":{"0":"post-8089","1":"product","2":"type-product","3":"status-publish","4":"has-post-thumbnail","6":"product_cat-usb-bellekler","7":"product_tag-usb-bellekler","9":"first","10":"instock","11":"purchasable","12":"product-type-simple"},"acf":[],"_links":{"self":[{"href":"https:\/\/promosyon.reklamcok.net\/index.php\/wp-json\/wp\/v2\/product\/8089","targetHints":{"allow":["GET"]}}],"collection":[{"href":"https:\/\/promosyon.reklamcok.net\/index.php\/wp-json\/wp\/v2\/product"}],"about":[{"href":"https:\/\/promosyon.reklamcok.net\/index.php\/wp-json\/wp\/v2\/types\/product"}],"replies":[{"embeddable":true,"href":"https:\/\/promosyon.reklamcok.net\/index.php\/wp-json\/wp\/v2\/comments?post=8089"}],"version-history":[{"count":1,"href":"https:\/\/promosyon.reklamcok.net\/index.php\/wp-json\/wp\/v2\/product\/8089\/revisions"}],"predecessor-version":[{"id":12621,"href":"https:\/\/promosyon.reklamcok.net\/index.php\/wp-json\/wp\/v2\/product\/8089\/revisions\/12621"}],"wp:featuredmedia":[{"embeddable":true,"href":"https:\/\/promosyon.reklamcok.net\/index.php\/wp-json\/wp\/v2\/media\/6097"}],"wp:attachment":[{"href":"https:\/\/promosyon.reklamcok.net\/index.php\/wp-json\/wp\/v2\/media?parent=8089"}],"wp:term":[{"taxonomy":"product_brand","embeddable":true,"href":"https:\/\/promosyon.reklamcok.net\/index.php\/wp-json\/wp\/v2\/product_brand?post=8089"},{"taxonomy":"product_cat","embeddable":true,"href":"https:\/\/promosyon.reklamcok.net\/index.php\/wp-json\/wp\/v2\/product_cat?post=8089"},{"taxonomy":"product_tag","embeddable":true,"href":"https:\/\/promosyon.reklamcok.net\/index.php\/wp-json\/wp\/v2\/product_tag?post=8089"}],"curies":[{"name":"wp","href":"https:\/\/api.w.org\/{rel}","templated":true}]}}