{"id":9893,"date":"2025-01-24T11:57:37","date_gmt":"2025-01-24T08:57:37","guid":{"rendered":"https:\/\/promosyon.reklamcok.net\/index.php\/product\/hoparlor-4\/"},"modified":"2025-01-24T11:57:37","modified_gmt":"2025-01-24T08:57:37","slug":"siyah-hoparlor-2","status":"publish","type":"product","link":"https:\/\/promosyon.reklamcok.net\/index.php\/product\/siyah-hoparlor-2\/","title":{"rendered":"Siyah Hoparl\u00f6r"},"content":{"rendered":"<p><span style=\"vertical-align: inherit;\"><span style=\"vertical-align: inherit;\">*Bask\u0131 : Lazer- UV<br \/>\n*Bluetooth: 5 G\u00fc\u00e7l\u00fc Ba\u011flant\u0131<br \/>\n*Renk: Siyah<br \/>\n*Batarya: 400 mAh<br \/>\n*\u015earj S\u00fcresi: 3 Saat<br \/>\n*Giri\u015f: Micro USB<br \/>\n*Destekleyiciler: TF, FM, USB, BT, AUX<br \/>\n*Materyal: Al\u00fcminyum<br \/>\n*Kutu: \u00d6zel Kutu<\/span><\/span><\/p>\n","protected":false},"excerpt":{"rendered":"<p>Logo bask\u0131 se\u00e7enekleri i\u00e7in l\u00fctfen &#8220;<a href=\"https:\/\/promosyon.reklamcok.net\/index.php\/product-category\/baski-secenekleri\/\">Bask\u0131 Se\u00e7enekleri<\/a>&#8221; kategorisini ziyaret ediniz.<\/p>\n","protected":false},"featured_media":9894,"comment_status":"closed","ping_status":"open","template":"","meta":{"_acf_changed":false},"product_brand":[],"product_cat":[231],"product_tag":[90],"class_list":{"0":"post-9893","1":"product","2":"type-product","3":"status-publish","4":"has-post-thumbnail","6":"product_cat-teknoloji-urunleri","7":"product_tag-teknoloji-urunleri","9":"first","10":"instock","11":"purchasable","12":"product-type-simple"},"acf":[],"_links":{"self":[{"href":"https:\/\/promosyon.reklamcok.net\/index.php\/wp-json\/wp\/v2\/product\/9893","targetHints":{"allow":["GET"]}}],"collection":[{"href":"https:\/\/promosyon.reklamcok.net\/index.php\/wp-json\/wp\/v2\/product"}],"about":[{"href":"https:\/\/promosyon.reklamcok.net\/index.php\/wp-json\/wp\/v2\/types\/product"}],"replies":[{"embeddable":true,"href":"https:\/\/promosyon.reklamcok.net\/index.php\/wp-json\/wp\/v2\/comments?post=9893"}],"version-history":[{"count":1,"href":"https:\/\/promosyon.reklamcok.net\/index.php\/wp-json\/wp\/v2\/product\/9893\/revisions"}],"predecessor-version":[{"id":13584,"href":"https:\/\/promosyon.reklamcok.net\/index.php\/wp-json\/wp\/v2\/product\/9893\/revisions\/13584"}],"wp:featuredmedia":[{"embeddable":true,"href":"https:\/\/promosyon.reklamcok.net\/index.php\/wp-json\/wp\/v2\/media\/9894"}],"wp:attachment":[{"href":"https:\/\/promosyon.reklamcok.net\/index.php\/wp-json\/wp\/v2\/media?parent=9893"}],"wp:term":[{"taxonomy":"product_brand","embeddable":true,"href":"https:\/\/promosyon.reklamcok.net\/index.php\/wp-json\/wp\/v2\/product_brand?post=9893"},{"taxonomy":"product_cat","embeddable":true,"href":"https:\/\/promosyon.reklamcok.net\/index.php\/wp-json\/wp\/v2\/product_cat?post=9893"},{"taxonomy":"product_tag","embeddable":true,"href":"https:\/\/promosyon.reklamcok.net\/index.php\/wp-json\/wp\/v2\/product_tag?post=9893"}],"curies":[{"name":"wp","href":"https:\/\/api.w.org\/{rel}","templated":true}]}}